{"id":30118,"date":"2023-09-15T11:31:07","date_gmt":"2023-09-15T15:31:07","guid":{"rendered":"https:\/\/foundationforpuertorico.org\/?page_id=30118"},"modified":"2024-01-03T17:17:40","modified_gmt":"2024-01-03T21:17:40","slug":"the-state-of-housing-in-puerto-rico","status":"publish","type":"page","link":"https:\/\/foundationforpuertorico.org\/es\/the-state-of-housing-in-puerto-rico\/","title":{"rendered":"The state of housing in Puerto Rico"},"content":{"rendered":"\t\t<div data-elementor-type=\"wp-page\" data-elementor-id=\"30118\" class=\"elementor elementor-30118\" data-elementor-post-type=\"page\">\n\t\t\t\t\t\t<section class=\"elementor-section elementor-top-section elementor-element elementor-element-c9ba783 elementor-section-boxed elementor-section-height-default elementor-section-height-default\" data-id=\"c9ba783\" data-element_type=\"section\" data-e-type=\"section\" data-settings=\"{&quot;jet_parallax_layout_list&quot;:[]}\">\n\t\t\t\t\t\t<div class=\"elementor-container elementor-column-gap-default\">\n\t\t\t\t\t<div class=\"elementor-column elementor-col-100 elementor-top-column elementor-element elementor-element-c155ad3\" data-id=\"c155ad3\" data-element_type=\"column\" data-e-type=\"column\">\n\t\t\t<div class=\"elementor-widget-wrap\">\n\t\t\t\t\t\t\t<\/div>\n\t\t<\/div>\n\t\t\t\t\t<\/div>\n\t\t<\/section>\n\t\t\t\t<section class=\"elementor-section elementor-top-section elementor-element elementor-element-03442db elementor-section-boxed elementor-section-height-default elementor-section-height-default\" data-id=\"03442db\" data-element_type=\"section\" data-e-type=\"section\" data-settings=\"{&quot;jet_parallax_layout_list&quot;:[{&quot;jet_parallax_layout_image&quot;:{&quot;url&quot;:&quot;&quot;,&quot;id&quot;:&quot;&quot;,&quot;size&quot;:&quot;&quot;},&quot;_id&quot;:&quot;aee89c7&quot;,&quot;jet_parallax_layout_image_tablet&quot;:{&quot;url&quot;:&quot;&quot;,&quot;id&quot;:&quot;&quot;,&quot;size&quot;:&quot;&quot;},&quot;jet_parallax_layout_image_mobile&quot;:{&quot;url&quot;:&quot;&quot;,&quot;id&quot;:&quot;&quot;,&quot;size&quot;:&quot;&quot;},&quot;jet_parallax_layout_speed&quot;:{&quot;unit&quot;:&quot;%&quot;,&quot;size&quot;:50,&quot;sizes&quot;:[]},&quot;jet_parallax_layout_type&quot;:&quot;scroll&quot;,&quot;jet_parallax_layout_direction&quot;:&quot;1&quot;,&quot;jet_parallax_layout_fx_direction&quot;:null,&quot;jet_parallax_layout_z_index&quot;:&quot;&quot;,&quot;jet_parallax_layout_bg_x&quot;:50,&quot;jet_parallax_layout_bg_x_tablet&quot;:&quot;&quot;,&quot;jet_parallax_layout_bg_x_mobile&quot;:&quot;&quot;,&quot;jet_parallax_layout_bg_y&quot;:50,&quot;jet_parallax_layout_bg_y_tablet&quot;:&quot;&quot;,&quot;jet_parallax_layout_bg_y_mobile&quot;:&quot;&quot;,&quot;jet_parallax_layout_bg_size&quot;:&quot;auto&quot;,&quot;jet_parallax_layout_bg_size_tablet&quot;:&quot;&quot;,&quot;jet_parallax_layout_bg_size_mobile&quot;:&quot;&quot;,&quot;jet_parallax_layout_animation_prop&quot;:&quot;transform&quot;,&quot;jet_parallax_layout_on&quot;:[&quot;desktop&quot;,&quot;tablet&quot;]}]}\">\n\t\t\t\t\t\t<div class=\"elementor-container elementor-column-gap-default\">\n\t\t\t\t\t<div class=\"elementor-column elementor-col-100 elementor-top-column elementor-element elementor-element-7a629d1\" data-id=\"7a629d1\" data-element_type=\"column\" data-e-type=\"column\">\n\t\t\t<div class=\"elementor-widget-wrap elementor-element-populated\">\n\t\t\t\t\t\t<div class=\"elementor-element elementor-element-fc06cd0 elementor-widget elementor-widget-spacer\" data-id=\"fc06cd0\" data-element_type=\"widget\" data-e-type=\"widget\" data-widget_type=\"spacer.default\">\n\t\t\t\t\t\t\t<div class=\"elementor-spacer\">\n\t\t\t<div class=\"elementor-spacer-inner\"><\/div>\n\t\t<\/div>\n\t\t\t\t\t\t<\/div>\n\t\t\t\t<div class=\"elementor-element elementor-element-726047e elementor-widget elementor-widget-theme-post-title elementor-page-title elementor-widget-heading\" data-id=\"726047e\" data-element_type=\"widget\" data-e-type=\"widget\" data-widget_type=\"theme-post-title.default\">\n\t\t\t\t\t<h1 class=\"elementor-heading-title elementor-size-default\">The state of housing in Puerto Rico<\/h1>\t\t\t\t<\/div>\n\t\t\t\t<div class=\"elementor-element elementor-element-d3da742 elementor-widget elementor-widget-text-editor\" data-id=\"d3da742\" data-element_type=\"widget\" data-e-type=\"widget\" data-widget_type=\"text-editor.default\">\n\t\t\t\t\t\t\t\t\t(AS PUBLISHED BY NALCAB)\t\t\t\t\t\t\t\t<\/div>\n\t\t\t\t<section class=\"elementor-section elementor-inner-section elementor-element elementor-element-4c9da38 elementor-section-boxed elementor-section-height-default elementor-section-height-default\" data-id=\"4c9da38\" data-element_type=\"section\" data-e-type=\"section\" data-settings=\"{&quot;jet_parallax_layout_list&quot;:[{&quot;jet_parallax_layout_image&quot;:{&quot;url&quot;:&quot;&quot;,&quot;id&quot;:&quot;&quot;,&quot;size&quot;:&quot;&quot;},&quot;_id&quot;:&quot;ecf1b71&quot;,&quot;jet_parallax_layout_image_tablet&quot;:{&quot;url&quot;:&quot;&quot;,&quot;id&quot;:&quot;&quot;,&quot;size&quot;:&quot;&quot;},&quot;jet_parallax_layout_image_mobile&quot;:{&quot;url&quot;:&quot;&quot;,&quot;id&quot;:&quot;&quot;,&quot;size&quot;:&quot;&quot;},&quot;jet_parallax_layout_speed&quot;:{&quot;unit&quot;:&quot;%&quot;,&quot;size&quot;:50,&quot;sizes&quot;:[]},&quot;jet_parallax_layout_type&quot;:&quot;scroll&quot;,&quot;jet_parallax_layout_direction&quot;:&quot;1&quot;,&quot;jet_parallax_layout_fx_direction&quot;:null,&quot;jet_parallax_layout_z_index&quot;:&quot;&quot;,&quot;jet_parallax_layout_bg_x&quot;:50,&quot;jet_parallax_layout_bg_x_tablet&quot;:&quot;&quot;,&quot;jet_parallax_layout_bg_x_mobile&quot;:&quot;&quot;,&quot;jet_parallax_layout_bg_y&quot;:50,&quot;jet_parallax_layout_bg_y_tablet&quot;:&quot;&quot;,&quot;jet_parallax_layout_bg_y_mobile&quot;:&quot;&quot;,&quot;jet_parallax_layout_bg_size&quot;:&quot;auto&quot;,&quot;jet_parallax_layout_bg_size_tablet&quot;:&quot;&quot;,&quot;jet_parallax_layout_bg_size_mobile&quot;:&quot;&quot;,&quot;jet_parallax_layout_animation_prop&quot;:&quot;transform&quot;,&quot;jet_parallax_layout_on&quot;:[&quot;desktop&quot;,&quot;tablet&quot;]}]}\">\n\t\t\t\t\t\t<div class=\"elementor-container elementor-column-gap-default\">\n\t\t\t\t\t<div class=\"elementor-column elementor-col-50 elementor-inner-column elementor-element elementor-element-dc0f75c\" data-id=\"dc0f75c\" data-element_type=\"column\" data-e-type=\"column\">\n\t\t\t<div class=\"elementor-widget-wrap elementor-element-populated\">\n\t\t\t\t\t\t<div class=\"elementor-element elementor-element-5ec3df9 elementor-widget elementor-widget-image\" data-id=\"5ec3df9\" data-element_type=\"widget\" data-e-type=\"widget\" data-widget_type=\"image.default\">\n\t\t\t\t\t\t\t\t\t\t\t\t<figure class=\"wp-caption\">\n\t\t\t\t\t\t\t\t\t\t\t<a href=\"https:\/\/a43.a93.myftpupload.com\/wp-content\/uploads\/2023\/09\/FoundationforPuertoRico_ActionPlan_v2-proof.pdf\" target=\"_blank\">\n\t\t\t\t\t\t\t<img fetchpriority=\"high\" decoding=\"async\" width=\"227\" height=\"300\" src=\"https:\/\/foundationforpuertorico.org\/wp-content\/uploads\/2023\/09\/housing-nalcab-227x300.jpg\" class=\"attachment-medium size-medium wp-image-30120\" alt=\"\" srcset=\"https:\/\/foundationforpuertorico.org\/wp-content\/uploads\/2023\/09\/housing-nalcab-227x300.jpg 227w, https:\/\/foundationforpuertorico.org\/wp-content\/uploads\/2023\/09\/housing-nalcab-9x12.jpg 9w, https:\/\/foundationforpuertorico.org\/wp-content\/uploads\/2023\/09\/housing-nalcab.jpg 678w\" sizes=\"(max-width: 227px) 100vw, 227px\" \/>\t\t\t\t\t\t\t\t<\/a>\n\t\t\t\t\t\t\t\t\t\t\t<figcaption class=\"widget-image-caption wp-caption-text\"><br \/>This paper was funded, in part, by the Equitable Neighborhood Development program from the National Association of Latino Community Asset Builders (NALCAB). For access to NALCAB\u2019s final publication please refer to www.nalcab.org<\/figcaption>\n\t\t\t\t\t\t\t\t\t\t<\/figure>\n\t\t\t\t\t\t\t\t\t<\/div>\n\t\t\t\t\t<\/div>\n\t\t<\/div>\n\t\t\t\t<div class=\"elementor-column elementor-col-50 elementor-inner-column elementor-element elementor-element-4c86159\" data-id=\"4c86159\" data-element_type=\"column\" data-e-type=\"column\">\n\t\t\t<div class=\"elementor-widget-wrap elementor-element-populated\">\n\t\t\t\t\t\t<div class=\"elementor-element elementor-element-66ee32e elementor-widget elementor-widget-text-editor\" data-id=\"66ee32e\" data-element_type=\"widget\" data-e-type=\"widget\" data-no-translation=\"\" data-widget_type=\"text-editor.default\">\n\t\t\t\t\t<style>.elementor-element-66ee32e{display:none !important}<\/style>\t\t\t\t<\/div>\n\t\t\t\t<div class=\"elementor-element elementor-element-92812d7 elementor-widget elementor-widget-text-editor\" data-id=\"92812d7\" data-element_type=\"widget\" data-e-type=\"widget\" data-no-translation=\"\" data-widget_type=\"text-editor.default\">\n\t\t\t\t\t\t\t\t\t<p>Nuestra isla se enfrenta a una crisis de asequibilidad de la vivienda, enmarcada en una diversidad de factores donde el precio promedio de una vivienda ha aumentado debido a la falta de oferta afectando significativamente a las personas de bajo y mediano ingreso, particularmente a los m\u00e1s j\u00f3venes.\u00a0<\/p><p>El acceso a vivienda es una necesidad humana esencial del individuo y de las comunidades. Por los pasados meses, nuestra organizaci\u00f3n ha estado desarrollando un estudio; donde recopilamos datos y realizamos una investigaci\u00f3n exhaustiva sobre la crisis de vivienda en Puerto Rico, y estudiando modelos de \u00e9xito de\u00a0diversas partes del mundo. Como parte del proceso hemos involucrado y consultado a partes interesadas de la comunidad local, expertos, empresas y organizaciones no gubernamentales que se ocupan de la vivienda para identificar\u00a0soluciones y desarrollar recomendaciones.<\/p>\t\t\t\t\t\t\t\t<\/div>\n\t\t\t\t<div class=\"elementor-element elementor-element-ecda8c3 elementor-button-warning elementor-align-center elementor-widget elementor-widget-button\" data-id=\"ecda8c3\" data-element_type=\"widget\" data-e-type=\"widget\" data-no-translation=\"\" data-widget_type=\"button.default\">\n\t\t\t\t\t<style>.elementor-element-ecda8c3{display:none !important}<\/style>\t\t\t\t<\/div>\n\t\t\t\t<div class=\"elementor-element elementor-element-17c6acd elementor-button-warning elementor-align-center elementor-widget elementor-widget-button\" data-id=\"17c6acd\" data-element_type=\"widget\" data-e-type=\"widget\" data-no-translation=\"\" data-widget_type=\"button.default\">\n\t\t\t\t\t\t\t\t\t\t<a class=\"elementor-button elementor-button-link elementor-size-lg\" href=\"https:\/\/a43.a93.myftpupload.com\/wp-content\/uploads\/2023\/09\/FoundationforPuertoRico_ActionPlan_v2-proof.pdf\">\n\t\t\t\t\t\t<span class=\"elementor-button-content-wrapper\">\n\t\t\t\t\t\t<span class=\"elementor-button-icon\">\n\t\t\t\t<svg aria-hidden=\"true\" class=\"e-font-icon-svg e-fas-file-pdf\" viewBox=\"0 0 384 512\" xmlns=\"http:\/\/www.w3.org\/2000\/svg\"><path d=\"M181.9 256.1c-5-16-4.9-46.9-2-46.9 8.4 0 7.6 36.9 2 46.9zm-1.7 47.2c-7.7 20.2-17.3 43.3-28.4 62.7 18.3-7 39-17.2 62.9-21.9-12.7-9.6-24.9-23.4-34.5-40.8zM86.1 428.1c0 .8 13.2-5.4 34.9-40.2-6.7 6.3-29.1 24.5-34.9 40.2zM248 160h136v328c0 13.3-10.7 24-24 24H24c-13.3 0-24-10.7-24-24V24C0 10.7 10.7 0 24 0h200v136c0 13.2 10.8 24 24 24zm-8 171.8c-20-12.2-33.3-29-42.7-53.8 4.5-18.5 11.6-46.6 6.2-64.2-4.7-29.4-42.4-26.5-47.8-6.8-5 18.3-.4 44.1 8.1 77-11.6 27.6-28.7 64.6-40.8 85.8-.1 0-.1.1-.2.1-27.1 13.9-73.6 44.5-54.5 68 5.6 6.9 16 10 21.5 10 17.9 0 35.7-18 61.1-61.8 25.8-8.5 54.1-19.1 79-23.2 21.7 11.8 47.1 19.5 64 19.5 29.2 0 31.2-32 19.7-43.4-13.9-13.6-54.3-9.7-73.6-7.2zM377 105L279 7c-4.5-4.5-10.6-7-17-7h-6v128h128v-6.1c0-6.3-2.5-12.4-7-16.9zm-74.1 255.3c4.1-2.7-2.5-11.9-42.8-9 37.1 15.8 42.8 9 42.8 9z\"><\/path><\/svg>\t\t\t<\/span>\n\t\t\t\t\t\t\t\t\t<span class=\"elementor-button-text\">Accede al estudio completo aqu\u00ed:<\/span>\n\t\t\t\t\t<\/span>\n\t\t\t\t\t<\/a>\n\t\t\t\t\t\t\t\t<\/div>\n\t\t\t\t\t<\/div>\n\t\t<\/div>\n\t\t\t\t\t<\/div>\n\t\t<\/section>\n\t\t\t\t<section class=\"elementor-section elementor-inner-section elementor-element elementor-element-2cfec9a elementor-section-boxed elementor-section-height-default elementor-section-height-default\" data-id=\"2cfec9a\" data-element_type=\"section\" data-e-type=\"section\" data-settings=\"{&quot;jet_parallax_layout_list&quot;:[{&quot;jet_parallax_layout_image&quot;:{&quot;url&quot;:&quot;&quot;,&quot;id&quot;:&quot;&quot;,&quot;size&quot;:&quot;&quot;},&quot;_id&quot;:&quot;bf7ec65&quot;,&quot;jet_parallax_layout_image_tablet&quot;:{&quot;url&quot;:&quot;&quot;,&quot;id&quot;:&quot;&quot;,&quot;size&quot;:&quot;&quot;},&quot;jet_parallax_layout_image_mobile&quot;:{&quot;url&quot;:&quot;&quot;,&quot;id&quot;:&quot;&quot;,&quot;size&quot;:&quot;&quot;},&quot;jet_parallax_layout_speed&quot;:{&quot;unit&quot;:&quot;%&quot;,&quot;size&quot;:50,&quot;sizes&quot;:[]},&quot;jet_parallax_layout_type&quot;:&quot;scroll&quot;,&quot;jet_parallax_layout_direction&quot;:&quot;1&quot;,&quot;jet_parallax_layout_fx_direction&quot;:null,&quot;jet_parallax_layout_z_index&quot;:&quot;&quot;,&quot;jet_parallax_layout_bg_x&quot;:50,&quot;jet_parallax_layout_bg_x_tablet&quot;:&quot;&quot;,&quot;jet_parallax_layout_bg_x_mobile&quot;:&quot;&quot;,&quot;jet_parallax_layout_bg_y&quot;:50,&quot;jet_parallax_layout_bg_y_tablet&quot;:&quot;&quot;,&quot;jet_parallax_layout_bg_y_mobile&quot;:&quot;&quot;,&quot;jet_parallax_layout_bg_size&quot;:&quot;auto&quot;,&quot;jet_parallax_layout_bg_size_tablet&quot;:&quot;&quot;,&quot;jet_parallax_layout_bg_size_mobile&quot;:&quot;&quot;,&quot;jet_parallax_layout_animation_prop&quot;:&quot;transform&quot;,&quot;jet_parallax_layout_on&quot;:[&quot;desktop&quot;,&quot;tablet&quot;]}]}\">\n\t\t\t\t\t\t<div class=\"elementor-container elementor-column-gap-default\">\n\t\t\t\t\t<div class=\"elementor-column elementor-col-100 elementor-inner-column elementor-element elementor-element-8a33fd6\" data-id=\"8a33fd6\" data-element_type=\"column\" data-e-type=\"column\">\n\t\t\t<div class=\"elementor-widget-wrap elementor-element-populated\">\n\t\t\t\t\t\t<div class=\"elementor-element elementor-element-2e69ab1 elementor-widget elementor-widget-spacer\" data-id=\"2e69ab1\" data-element_type=\"widget\" data-e-type=\"widget\" data-widget_type=\"spacer.default\">\n\t\t\t\t\t\t\t<div class=\"elementor-spacer\">\n\t\t\t<div class=\"elementor-spacer-inner\"><\/div>\n\t\t<\/div>\n\t\t\t\t\t\t<\/div>\n\t\t\t\t\t<\/div>\n\t\t<\/div>\n\t\t\t\t\t<\/div>\n\t\t<\/section>\n\t\t\t\t\t<\/div>\n\t\t<\/div>\n\t\t\t\t\t<\/div>\n\t\t<\/section>\n\t\t\t\t<\/div>\n\t\t","protected":false},"excerpt":{"rendered":"<p>(AS PUBLISHED BY NALCAB) This paper was funded, in part, by the Equitable Neighborhood Development program from the National Association of Latino Community Asset Builders (NALCAB). For access to NALCAB\u2019s final publication please refer to www.nalcab.org Puerto Rico faces a housing affordability crisis as average prices have increased due to limited supply, significantly impacting low [&hellip;]<\/p>\n","protected":false},"author":15,"featured_media":30120,"parent":0,"menu_order":0,"comment_status":"closed","ping_status":"closed","template":"","meta":{"give_campaign_id":0,"footnotes":""},"class_list":["post-30118","page","type-page","status-publish","has-post-thumbnail","hentry"],"yoast_head":"<!-- This site is optimized with the Yoast SEO Premium plugin v27.3 (Yoast SEO v27.4) - https:\/\/yoast.com\/product\/yoast-seo-premium-wordpress\/ -->\n<title>The state of housing in Puerto Rico - Foundation for Puerto Rico<\/title>\n<meta name=\"robots\" content=\"index, follow, max-snippet:-1, max-image-preview:large, max-video-preview:-1\" \/>\n<link rel=\"canonical\" href=\"https:\/\/foundationforpuertorico.org\/es\/the-state-of-housing-in-puerto-rico\/\" \/>\n<meta property=\"og:locale\" content=\"es_ES\" \/>\n<meta property=\"og:type\" content=\"article\" \/>\n<meta property=\"og:title\" content=\"The state of housing in Puerto Rico\" \/>\n<meta property=\"og:description\" content=\"(AS PUBLISHED BY NALCAB) This paper was funded, in part, by the Equitable Neighborhood Development program from the National Association of Latino Community Asset Builders (NALCAB). For access to NALCAB\u2019s final publication please refer to www.nalcab.org Puerto Rico faces a housing affordability crisis as average prices have increased due to limited supply, significantly impacting low [&hellip;]\" \/>\n<meta property=\"og:url\" content=\"https:\/\/foundationforpuertorico.org\/es\/the-state-of-housing-in-puerto-rico\/\" \/>\n<meta property=\"og:site_name\" content=\"Foundation for Puerto Rico\" \/>\n<meta property=\"article:publisher\" content=\"https:\/\/www.facebook.com\/FoundationForPR\" \/>\n<meta property=\"article:modified_time\" content=\"2024-01-03T21:17:40+00:00\" \/>\n<meta property=\"og:image\" content=\"https:\/\/foundationforpuertorico.org\/wp-content\/uploads\/2023\/09\/housing-nalcab.jpg\" \/>\n\t<meta property=\"og:image:width\" content=\"678\" \/>\n\t<meta property=\"og:image:height\" content=\"896\" \/>\n\t<meta property=\"og:image:type\" content=\"image\/jpeg\" \/>\n<meta name=\"twitter:card\" content=\"summary_large_image\" \/>\n<meta name=\"twitter:site\" content=\"@Foundation_PR\" \/>\n<meta name=\"twitter:label1\" content=\"Est. reading time\" \/>\n\t<meta name=\"twitter:data1\" content=\"2 minutos\" \/>\n<script type=\"application\/ld+json\" class=\"yoast-schema-graph\">{\"@context\":\"https:\\\/\\\/schema.org\",\"@graph\":[{\"@type\":\"WebPage\",\"@id\":\"https:\\\/\\\/foundationforpuertorico.org\\\/the-state-of-housing-in-puerto-rico\\\/\",\"url\":\"https:\\\/\\\/foundationforpuertorico.org\\\/the-state-of-housing-in-puerto-rico\\\/\",\"name\":\"The state of housing in Puerto Rico - Foundation for Puerto Rico\",\"isPartOf\":{\"@id\":\"https:\\\/\\\/foundationforpuertorico.org\\\/#website\"},\"primaryImageOfPage\":{\"@id\":\"https:\\\/\\\/foundationforpuertorico.org\\\/the-state-of-housing-in-puerto-rico\\\/#primaryimage\"},\"image\":{\"@id\":\"https:\\\/\\\/foundationforpuertorico.org\\\/the-state-of-housing-in-puerto-rico\\\/#primaryimage\"},\"thumbnailUrl\":\"https:\\\/\\\/foundationforpuertorico.org\\\/wp-content\\\/uploads\\\/2023\\\/09\\\/housing-nalcab.jpg\",\"datePublished\":\"2023-09-15T15:31:07+00:00\",\"dateModified\":\"2024-01-03T21:17:40+00:00\",\"breadcrumb\":{\"@id\":\"https:\\\/\\\/foundationforpuertorico.org\\\/the-state-of-housing-in-puerto-rico\\\/#breadcrumb\"},\"inLanguage\":\"es\",\"potentialAction\":[{\"@type\":\"ReadAction\",\"target\":[\"https:\\\/\\\/foundationforpuertorico.org\\\/the-state-of-housing-in-puerto-rico\\\/\"]}]},{\"@type\":\"ImageObject\",\"inLanguage\":\"es\",\"@id\":\"https:\\\/\\\/foundationforpuertorico.org\\\/the-state-of-housing-in-puerto-rico\\\/#primaryimage\",\"url\":\"https:\\\/\\\/foundationforpuertorico.org\\\/wp-content\\\/uploads\\\/2023\\\/09\\\/housing-nalcab.jpg\",\"contentUrl\":\"https:\\\/\\\/foundationforpuertorico.org\\\/wp-content\\\/uploads\\\/2023\\\/09\\\/housing-nalcab.jpg\",\"width\":678,\"height\":896},{\"@type\":\"BreadcrumbList\",\"@id\":\"https:\\\/\\\/foundationforpuertorico.org\\\/the-state-of-housing-in-puerto-rico\\\/#breadcrumb\",\"itemListElement\":[{\"@type\":\"ListItem\",\"position\":1,\"name\":\"Home\",\"item\":\"https:\\\/\\\/foundationforpuertorico.org\\\/en\\\/\"},{\"@type\":\"ListItem\",\"position\":2,\"name\":\"The state of housing in Puerto Rico\"}]},{\"@type\":\"WebSite\",\"@id\":\"https:\\\/\\\/foundationforpuertorico.org\\\/#website\",\"url\":\"https:\\\/\\\/foundationforpuertorico.org\\\/\",\"name\":\"Foundation for Puerto Rico\",\"description\":\"Transforming our economy to be thriving and sustainable\",\"publisher\":{\"@id\":\"https:\\\/\\\/foundationforpuertorico.org\\\/#organization\"},\"potentialAction\":[{\"@type\":\"SearchAction\",\"target\":{\"@type\":\"EntryPoint\",\"urlTemplate\":\"https:\\\/\\\/foundationforpuertorico.org\\\/?s={search_term_string}\"},\"query-input\":{\"@type\":\"PropertyValueSpecification\",\"valueRequired\":true,\"valueName\":\"search_term_string\"}}],\"inLanguage\":\"es\"},{\"@type\":\"Organization\",\"@id\":\"https:\\\/\\\/foundationforpuertorico.org\\\/#organization\",\"name\":\"Foundation for Puerto Rico\",\"url\":\"https:\\\/\\\/foundationforpuertorico.org\\\/\",\"logo\":{\"@type\":\"ImageObject\",\"inLanguage\":\"es\",\"@id\":\"https:\\\/\\\/foundationforpuertorico.org\\\/#\\\/schema\\\/logo\\\/image\\\/\",\"url\":\"https:\\\/\\\/foundationforpuertorico.org\\\/wp-content\\\/uploads\\\/2022\\\/01\\\/Logo_socialLink.png\",\"contentUrl\":\"https:\\\/\\\/foundationforpuertorico.org\\\/wp-content\\\/uploads\\\/2022\\\/01\\\/Logo_socialLink.png\",\"width\":1080,\"height\":1080,\"caption\":\"Foundation for Puerto Rico\"},\"image\":{\"@id\":\"https:\\\/\\\/foundationforpuertorico.org\\\/#\\\/schema\\\/logo\\\/image\\\/\"},\"sameAs\":[\"https:\\\/\\\/www.facebook.com\\\/FoundationForPR\",\"https:\\\/\\\/x.com\\\/Foundation_PR\",\"https:\\\/\\\/www.instagram.com\\\/foundationforpr\\\/\",\"https:\\\/\\\/www.linkedin.com\\\/company\\\/foundationforpr\\\/\"]}]}<\/script>\n<!-- \/ Yoast SEO Premium plugin. -->","yoast_head_json":{"title":"The state of housing in Puerto Rico - Foundation for Puerto Rico","robots":{"index":"index","follow":"follow","max-snippet":"max-snippet:-1","max-image-preview":"max-image-preview:large","max-video-preview":"max-video-preview:-1"},"canonical":"https:\/\/foundationforpuertorico.org\/es\/the-state-of-housing-in-puerto-rico\/","og_locale":"es_ES","og_type":"article","og_title":"The state of housing in Puerto Rico","og_description":"(AS PUBLISHED BY NALCAB) This paper was funded, in part, by the Equitable Neighborhood Development program from the National Association of Latino Community Asset Builders (NALCAB). For access to NALCAB\u2019s final publication please refer to www.nalcab.org Puerto Rico faces a housing affordability crisis as average prices have increased due to limited supply, significantly impacting low [&hellip;]","og_url":"https:\/\/foundationforpuertorico.org\/es\/the-state-of-housing-in-puerto-rico\/","og_site_name":"Foundation for Puerto Rico","article_publisher":"https:\/\/www.facebook.com\/FoundationForPR","article_modified_time":"2024-01-03T21:17:40+00:00","og_image":[{"width":678,"height":896,"url":"https:\/\/foundationforpuertorico.org\/wp-content\/uploads\/2023\/09\/housing-nalcab.jpg","type":"image\/jpeg"}],"twitter_card":"summary_large_image","twitter_site":"@Foundation_PR","twitter_misc":{"Est. reading time":"2 minutos"},"schema":{"@context":"https:\/\/schema.org","@graph":[{"@type":"WebPage","@id":"https:\/\/foundationforpuertorico.org\/the-state-of-housing-in-puerto-rico\/","url":"https:\/\/foundationforpuertorico.org\/the-state-of-housing-in-puerto-rico\/","name":"The state of housing in Puerto Rico - Foundation for Puerto Rico","isPartOf":{"@id":"https:\/\/foundationforpuertorico.org\/#website"},"primaryImageOfPage":{"@id":"https:\/\/foundationforpuertorico.org\/the-state-of-housing-in-puerto-rico\/#primaryimage"},"image":{"@id":"https:\/\/foundationforpuertorico.org\/the-state-of-housing-in-puerto-rico\/#primaryimage"},"thumbnailUrl":"https:\/\/foundationforpuertorico.org\/wp-content\/uploads\/2023\/09\/housing-nalcab.jpg","datePublished":"2023-09-15T15:31:07+00:00","dateModified":"2024-01-03T21:17:40+00:00","breadcrumb":{"@id":"https:\/\/foundationforpuertorico.org\/the-state-of-housing-in-puerto-rico\/#breadcrumb"},"inLanguage":"es","potentialAction":[{"@type":"ReadAction","target":["https:\/\/foundationforpuertorico.org\/the-state-of-housing-in-puerto-rico\/"]}]},{"@type":"ImageObject","inLanguage":"es","@id":"https:\/\/foundationforpuertorico.org\/the-state-of-housing-in-puerto-rico\/#primaryimage","url":"https:\/\/foundationforpuertorico.org\/wp-content\/uploads\/2023\/09\/housing-nalcab.jpg","contentUrl":"https:\/\/foundationforpuertorico.org\/wp-content\/uploads\/2023\/09\/housing-nalcab.jpg","width":678,"height":896},{"@type":"BreadcrumbList","@id":"https:\/\/foundationforpuertorico.org\/the-state-of-housing-in-puerto-rico\/#breadcrumb","itemListElement":[{"@type":"ListItem","position":1,"name":"Home","item":"https:\/\/foundationforpuertorico.org\/en\/"},{"@type":"ListItem","position":2,"name":"The state of housing in Puerto Rico"}]},{"@type":"WebSite","@id":"https:\/\/foundationforpuertorico.org\/#website","url":"https:\/\/foundationforpuertorico.org\/","name":"Foundation for Puerto Rico","description":"Transforming our economy to be thriving and sustainable","publisher":{"@id":"https:\/\/foundationforpuertorico.org\/#organization"},"potentialAction":[{"@type":"SearchAction","target":{"@type":"EntryPoint","urlTemplate":"https:\/\/foundationforpuertorico.org\/?s={search_term_string}"},"query-input":{"@type":"PropertyValueSpecification","valueRequired":true,"valueName":"search_term_string"}}],"inLanguage":"es"},{"@type":"Organization","@id":"https:\/\/foundationforpuertorico.org\/#organization","name":"Foundation for Puerto Rico","url":"https:\/\/foundationforpuertorico.org\/","logo":{"@type":"ImageObject","inLanguage":"es","@id":"https:\/\/foundationforpuertorico.org\/#\/schema\/logo\/image\/","url":"https:\/\/foundationforpuertorico.org\/wp-content\/uploads\/2022\/01\/Logo_socialLink.png","contentUrl":"https:\/\/foundationforpuertorico.org\/wp-content\/uploads\/2022\/01\/Logo_socialLink.png","width":1080,"height":1080,"caption":"Foundation for Puerto Rico"},"image":{"@id":"https:\/\/foundationforpuertorico.org\/#\/schema\/logo\/image\/"},"sameAs":["https:\/\/www.facebook.com\/FoundationForPR","https:\/\/x.com\/Foundation_PR","https:\/\/www.instagram.com\/foundationforpr\/","https:\/\/www.linkedin.com\/company\/foundationforpr\/"]}]}},"campaignId":"","_links":{"self":[{"href":"https:\/\/foundationforpuertorico.org\/es\/wp-json\/wp\/v2\/pages\/30118","targetHints":{"allow":["GET"]}}],"collection":[{"href":"https:\/\/foundationforpuertorico.org\/es\/wp-json\/wp\/v2\/pages"}],"about":[{"href":"https:\/\/foundationforpuertorico.org\/es\/wp-json\/wp\/v2\/types\/page"}],"author":[{"embeddable":true,"href":"https:\/\/foundationforpuertorico.org\/es\/wp-json\/wp\/v2\/users\/15"}],"replies":[{"embeddable":true,"href":"https:\/\/foundationforpuertorico.org\/es\/wp-json\/wp\/v2\/comments?post=30118"}],"version-history":[{"count":3,"href":"https:\/\/foundationforpuertorico.org\/es\/wp-json\/wp\/v2\/pages\/30118\/revisions"}],"predecessor-version":[{"id":41301,"href":"https:\/\/foundationforpuertorico.org\/es\/wp-json\/wp\/v2\/pages\/30118\/revisions\/41301"}],"wp:featuredmedia":[{"embeddable":true,"href":"https:\/\/foundationforpuertorico.org\/es\/wp-json\/wp\/v2\/media\/30120"}],"wp:attachment":[{"href":"https:\/\/foundationforpuertorico.org\/es\/wp-json\/wp\/v2\/media?parent=30118"}],"curies":[{"name":"wp","href":"https:\/\/api.w.org\/{rel}","templated":true}]}}