{"id":18526,"date":"2022-06-14T11:53:41","date_gmt":"2022-06-14T15:53:41","guid":{"rendered":"https:\/\/foundationforpuertorico.org\/?page_id=18526"},"modified":"2022-10-19T09:04:57","modified_gmt":"2022-10-19T13:04:57","slug":"destino-191-initiative","status":"publish","type":"page","link":"https:\/\/foundationforpuertorico.org\/es\/destino-191-initiative\/","title":{"rendered":"Destino 191"},"content":{"rendered":"<div data-elementor-type=\"wp-page\" data-elementor-id=\"18526\" class=\"elementor elementor-18526\" data-elementor-post-type=\"page\">\n\t\t\t\t\t\t<section class=\"elementor-section elementor-top-section elementor-element elementor-element-6dae7cf5 elementor-section-full_width elementor-section-height-default elementor-section-height-default\" data-id=\"6dae7cf5\" data-element_type=\"section\" data-e-type=\"section\" data-settings=\"{&quot;jet_parallax_layout_list&quot;:[]}\">\n\t\t\t\t\t\t<div class=\"elementor-container elementor-column-gap-default\">\n\t\t\t\t\t<div class=\"elementor-column elementor-col-100 elementor-top-column elementor-element elementor-element-552f7177\" data-id=\"552f7177\" data-element_type=\"column\" data-e-type=\"column\">\n\t\t\t<div class=\"elementor-widget-wrap elementor-element-populated\">\n\t\t\t\t\t\t<div class=\"elementor-element elementor-element-54912c06 elementor-widget elementor-widget-html\" data-id=\"54912c06\" data-element_type=\"widget\" data-e-type=\"widget\" data-widget_type=\"html.default\">\n\t\t\t\t\t<!-- Initiative Profile Header -->\n<div class=\"inner_initiative\">\n    <div class=\"project p_demo\">\n    <div class=\"initiative_header bg_hero2\">\n        <div class=\"cover_wrapper\">\n            <div class=\"sector_p_image fpr_logo_destino191 img_shadow2\">\n\n            <\/div>\n            <div class=\"p_cover_links\">\n    <div class=\"init_head_wrapper\">\n        <div class=\"head_nav_item init_hov link_imagine\"><span>IMAGINE<\/span><\/div>\n        <div class=\"head_nav_item init_hov sector1\"><span>VISITOR ECONOMY<\/span><\/div>\n        <div class=\"head_nav_item\"><span>DESTINO 191<\/span><\/div>\n    <\/div>\n            <\/div>\n        <\/div>\n    <\/div>\n    <\/div>\n<\/div>\t\t\t\t<\/div>\n\t\t\t\t\t<\/div>\n\t\t<\/div>\n\t\t\t\t\t<\/div>\n\t\t<\/section>\n\t\t\t\t<section class=\"elementor-section elementor-top-section elementor-element elementor-element-6a92b3f9 elementor-section-boxed elementor-section-height-default elementor-section-height-default\" data-id=\"6a92b3f9\" data-element_type=\"section\" data-e-type=\"section\" data-settings=\"{&quot;jet_parallax_layout_list&quot;:[]}\">\n\t\t\t\t\t\t<div class=\"elementor-container elementor-column-gap-default\">\n\t\t\t\t\t<div class=\"elementor-column elementor-col-100 elementor-top-column elementor-element elementor-element-3cbebef8\" data-id=\"3cbebef8\" data-element_type=\"column\" data-e-type=\"column\">\n\t\t\t<div class=\"elementor-widget-wrap elementor-element-populated\">\n\t\t\t\t\t\t<div class=\"elementor-element elementor-element-42163882 elementor-headline--style-highlight elementor-widget elementor-widget-animated-headline\" data-id=\"42163882\" data-element_type=\"widget\" data-e-type=\"widget\" data-settings=\"{&quot;highlighted_text&quot;:&quot;Overview&quot;,&quot;headline_style&quot;:&quot;highlight&quot;,&quot;marker&quot;:&quot;circle&quot;,&quot;loop&quot;:&quot;yes&quot;,&quot;highlight_animation_duration&quot;:1200,&quot;highlight_iteration_delay&quot;:8000}\" data-widget_type=\"animated-headline.default\">\n\t\t\t\t\t\t\t<h3 class=\"elementor-headline\">\n\t\t\t\t\t<span class=\"elementor-headline-plain-text elementor-headline-text-wrapper\">Iniciativas<\/span>\n\t\t\t\t<span class=\"elementor-headline-dynamic-wrapper elementor-headline-text-wrapper\">\n\t\t\t\t\t<span class=\"elementor-headline-dynamic-text elementor-headline-text-active\">Overview<\/span>\n\t\t\t\t<\/span>\n\t\t\t\t<\/h3>\n\t\t\t\t\t\t<\/div>\n\t\t\t\t<section class=\"elementor-section elementor-inner-section elementor-element elementor-element-e978fcb elementor-section-boxed elementor-section-height-default elementor-section-height-default\" data-id=\"e978fcb\" data-element_type=\"section\" data-e-type=\"section\" data-settings=\"{&quot;jet_parallax_layout_list&quot;:[]}\" data-no-translation=\"\">\n\t\t\t\t\t\t<div class=\"elementor-container elementor-column-gap-default\">\n\t\t\t\t\t<div class=\"elementor-column elementor-col-100 elementor-inner-column elementor-element elementor-element-2ae05ad\" data-id=\"2ae05ad\" data-element_type=\"column\" data-e-type=\"column\">\n\t\t\t<div class=\"elementor-widget-wrap elementor-element-populated\">\n\t\t\t\t\t\t<div class=\"elementor-element elementor-element-fa3388b elementor-tabs-view-horizontal elementor-widget elementor-widget-tabs\" data-id=\"fa3388b\" data-element_type=\"widget\" data-e-type=\"widget\" data-widget_type=\"tabs.default\">\n\t\t\t\t\t\t\t<div class=\"elementor-tabs\">\n\t\t\t<div class=\"elementor-tabs-wrapper\" role=\"tablist\" >\n\t\t\t\t\t\t\t\t\t<div id=\"elementor-tab-title-2621\" class=\"elementor-tab-title elementor-tab-desktop-title\" aria-selected=\"true\" data-tab=\"1\" role=\"tab\" tabindex=\"0\" aria-controls=\"elementor-tab-content-2621\" aria-expanded=\"false\">VISI\u00d3N GENERAL <\/div>\n\t\t\t\t\t\t\t\t\t<div id=\"elementor-tab-title-2622\" class=\"elementor-tab-title elementor-tab-desktop-title\" aria-selected=\"false\" data-tab=\"2\" role=\"tab\" tabindex=\"-1\" aria-controls=\"elementor-tab-content-2622\" aria-expanded=\"false\">IMPACTO PROYECTADO<\/div>\n\t\t\t\t\t\t\t\t\t<div id=\"elementor-tab-title-2623\" class=\"elementor-tab-title elementor-tab-desktop-title\" aria-selected=\"false\" data-tab=\"3\" role=\"tab\" tabindex=\"-1\" aria-controls=\"elementor-tab-content-2623\" aria-expanded=\"false\">OBJETIVOS PRINCIPALES <\/div>\n\t\t\t\t\t\t\t<\/div>\n\t\t\t<div class=\"elementor-tabs-content-wrapper\" role=\"tablist\" aria-orientation=\"vertical\">\n\t\t\t\t\t\t\t\t\t<div class=\"elementor-tab-title elementor-tab-mobile-title\" aria-selected=\"true\" data-tab=\"1\" role=\"tab\" tabindex=\"0\" aria-controls=\"elementor-tab-content-2621\" aria-expanded=\"false\">VISI\u00d3N GENERAL <\/div>\n\t\t\t\t\t<div id=\"elementor-tab-content-2621\" class=\"elementor-tab-content elementor-clearfix\" data-tab=\"1\" role=\"tabpanel\" aria-labelledby=\"elementor-tab-title-2621\" tabindex=\"0\" hidden=\"false\"><div class=\"page\" title=\"Page 4\"><div class=\"layoutArea\"><div class=\"column\"><p>Destino 191 es un proyecto que nace dentro de la comunidad del Barrio Cubuy en Naguabo, y que busca revitalizar la carretera 191 en el lado sur de El Yunque, de manera que se comience a mercadear la zona como la segunda entrada a El Bosque Nacional Yunque, uno de los activos m\u00e1s importantes y m\u00e1s visitados de Puerto Rico.<\/p><p>Esto no solo tendr\u00e1 un impacto directo en las perspectivas econ\u00f3micas de la comunidad de Cubuy, sino tambi\u00e9n en las de 9 municipios vecinos que incluyen Can\u00f3vanas, R\u00edo Grande, Luquillo, Fajardo, Ceiba, Naguabo, Las Piedras, Juncos y Humacao. Adem\u00e1s, este enfoque tambi\u00e9n puede ampliarse a otras comunidades puertorrique\u00f1as en dificultad, para lograr objetivos sin\u00e9rgicos. Esta primera fase del programa estar\u00e1 activa durante 24 meses.<\/p><p>Una parte vital de la revitalizaci\u00f3n de esta zona ha sido el proceso de planificaci\u00f3n participativa entre la comunidad, Foundation for Puerto Rico y el Servicio Forestal de Estados Unidos, entre otros colaboradores.<\/p><\/div><\/div><\/div><\/div>\n\t\t\t\t\t\t\t\t\t<div class=\"elementor-tab-title elementor-tab-mobile-title\" aria-selected=\"false\" data-tab=\"2\" role=\"tab\" tabindex=\"-1\" aria-controls=\"elementor-tab-content-2622\" aria-expanded=\"false\">IMPACTO PROYECTADO<\/div>\n\t\t\t\t\t<div id=\"elementor-tab-content-2622\" class=\"elementor-tab-content elementor-clearfix\" data-tab=\"2\" role=\"tabpanel\" aria-labelledby=\"elementor-tab-title-2622\" tabindex=\"0\" hidden=\"hidden\"><ul><li><span style=\"background-color: transparent;\">Diversificar la econom\u00eda local, aumentando la visibilidad de la comunidad y manteniendo y revitalizando su historia, cultura y recursos naturales \u00fanicos para atraer la reinversi\u00f3n, los visitantes, el empleo y el crecimiento a esta regi\u00f3n<\/span><\/li><li><span style=\"background-color: transparent;\">Ampliar los motores de la cohesi\u00f3n social en el municipio, mediante la creaci\u00f3n de capital social y fomentar el compromiso c\u00edvico<\/span><\/li><li><span style=\"background-color: transparent;\">Evaluar las necesidades y los activos de infraestructuras cr\u00edticas; como la vivienda, las carreteras, el agua, la electricidad, la atenci\u00f3n sanitaria, la educaci\u00f3n, los servicios de emergencia y la banda ancha<\/span><\/li><li><span style=\"background-color: transparent;\">Revitalizar las zonas y los activos ya desarrollados, a la vez que se regeneran los activos medioambientales para obtener beneficios sociales, sanitarios y econ\u00f3micos para las generaciones futuras<\/span><\/li><\/ul><\/div>\n\t\t\t\t\t\t\t\t\t<div class=\"elementor-tab-title elementor-tab-mobile-title\" aria-selected=\"false\" data-tab=\"3\" role=\"tab\" tabindex=\"-1\" aria-controls=\"elementor-tab-content-2623\" aria-expanded=\"false\">OBJETIVOS PRINCIPALES <\/div>\n\t\t\t\t\t<div id=\"elementor-tab-content-2623\" class=\"elementor-tab-content elementor-clearfix\" data-tab=\"3\" role=\"tabpanel\" aria-labelledby=\"elementor-tab-title-2623\" tabindex=\"0\" hidden=\"hidden\"><ol><li>Dise\u00f1ar un programa de asistencia t\u00e9cnica y formaci\u00f3n para la planificaci\u00f3n e implementaci\u00f3n de la creaci\u00f3n de espacios p\u00fablicos adaptados a las necesidades y prioridades de la comunidad de Naguabo.<\/li><li>Aumentar la capacidad local para la planificaci\u00f3n participativa, proporcionando asistencia t\u00e9cnica para hacer una evaluaci\u00f3n de la infraestructura de la comunidad y la recopilaci\u00f3n de datos.<\/li><li>Ejecutar un mapeo comunitario, basado en los siguientes criterios: Historia, Tradici\u00f3n y Cultura; Conservaci\u00f3n de los Recursos Naturales, Marca y Marketing.<\/li><li>Publicar el plan de creaci\u00f3n de lugares y apoyar y asistir a la comunidad en la ejecuci\u00f3n de un proyecto clave dentro del plan.<\/li><li>Inaugurar el proyecto clave desarrollado y publicar el conjunto de herramientas (\u201ctoolkit\u201d) para la creaci\u00f3n de planes alrededor de Puerto Rico.<\/li><\/ol><\/div>\n\t\t\t\t\t\t\t<\/div>\n\t\t<\/div>\n\t\t\t\t\t\t<\/div>\n\t\t\t\t<div class=\"elementor-element elementor-element-8a20c0d elementor-hidden-desktop elementor-hidden-tablet elementor-hidden-mobile elementor-widget elementor-widget-heading\" data-id=\"8a20c0d\" data-element_type=\"widget\" data-e-type=\"widget\" data-widget_type=\"heading.default\">\n\t\t\t\t\t<h2 class=\"elementor-heading-title elementor-size-default\">PRESUPUESTO ESTIMADO<\/h2>\t\t\t\t<\/div>\n\t\t\t\t<div class=\"elementor-element elementor-element-0b722b0 elementor-hidden-desktop elementor-hidden-tablet elementor-hidden-mobile elementor-widget elementor-widget-text-editor\" data-id=\"0b722b0\" data-element_type=\"widget\" data-e-type=\"widget\" data-widget_type=\"text-editor.default\">\n\t\t\t\t\t\t\t\t\t<p>La creaci\u00f3n de este novedoso programa ha sido posible en parte gracias a una alianza de colaboraci\u00f3n entre FPR y la Divisi\u00f3n de Desarrollo Rural del Departamento de Agricultura de los Estados Unidos, a trav\u00e9s de la cual se concedi\u00f3 a FPR una subvenci\u00f3n de $250,000 en el marco de la ley Rural Placemaking Innovation Challenge (RPIC), para ayudar a la planificaci\u00f3n y desarrollo de destinos que contribuyan a mejorar las estructuras sociales, culturales y econ\u00f3micas de las comunidades rurales. El proyecto tambi\u00e9n ten\u00eda un requisito de contrapartida en efectivo de $37,500 que ha sido generosamente aportado por A Friend&#8217;s Foundation.<\/p>\t\t\t\t\t\t\t\t<\/div>\n\t\t\t\t<div class=\"elementor-element elementor-element-3b0a17c elementor-widget elementor-widget-heading\" data-id=\"3b0a17c\" data-element_type=\"widget\" data-e-type=\"widget\" data-widget_type=\"heading.default\">\n\t\t\t\t\t<h2 class=\"elementor-heading-title elementor-size-default\">PRINCIPALES SOCIOS Y COLABORADORES <\/h2>\t\t\t\t<\/div>\n\t\t\t\t<div class=\"elementor-element elementor-element-dff8658 elementor-widget elementor-widget-text-editor\" data-id=\"dff8658\" data-element_type=\"widget\" data-e-type=\"widget\" data-widget_type=\"text-editor.default\">\n\t\t\t\t\t\t\t\t\t<p>&#8211; Municipio de Naguabo<\/p><p>&#8211; Departamento de Recursos Naturales y Ambientales de Puerto Rico (DRNA)<\/p><p>&#8211; Departamento de Transportaci\u00f3n y Obras P\u00fablicas de Puerto Rico (DTOP)<\/p><p>&#8211; Servicio Forestal del USDA<\/p><p>&#8211; Departamento de Agricultura de los Estados Unidos (USDA)<\/p><p>&#8211; Comit\u00e9 Pro Desarrollo de Cubuy, Inc.<\/p><p>&#8211; Naguabo Somos Todos<\/p>\t\t\t\t\t\t\t\t<\/div>\n\t\t\t\t\t<\/div>\n\t\t<\/div>\n\t\t\t\t\t<\/div>\n\t\t<\/section>\n\t\t\t\t\t<\/div>\n\t\t<\/div>\n\t\t\t\t\t<\/div>\n\t\t<\/section>\n\t\t\t\t<\/div>","protected":false},"excerpt":{"rendered":"<p>IMAGINE VISITOR ECONOMY DESTINO 191 Initiative Overview PROJECT OVERVIEW INTENDED IMPACT LEADING PROGRAM MILESTONES PROJECT OVERVIEW Destino 191 is a project that was born within the community of Barrio Cubuy in Naguabo that aims to revitalize road 191 in the south side of El Yunque, turning the destination into its own brand: an inviting and [&hellip;]<\/p>\n","protected":false},"author":15,"featured_media":0,"parent":0,"menu_order":0,"comment_status":"closed","ping_status":"closed","template":"","meta":{"give_campaign_id":0,"footnotes":""},"class_list":["post-18526","page","type-page","status-publish","hentry"],"yoast_head":"<!-- This site is optimized with the Yoast SEO Premium plugin v27.3 (Yoast SEO v27.4) - https:\/\/yoast.com\/product\/yoast-seo-premium-wordpress\/ -->\n<title>Destino 191 - Foundation for Puerto Rico<\/title>\n<meta name=\"robots\" content=\"index, follow, max-snippet:-1, max-image-preview:large, max-video-preview:-1\" \/>\n<link rel=\"canonical\" href=\"https:\/\/foundationforpuertorico.org\/es\/destino-191-initiative\/\" \/>\n<meta property=\"og:locale\" content=\"es_ES\" \/>\n<meta property=\"og:type\" content=\"article\" \/>\n<meta property=\"og:title\" content=\"Destino 191\" \/>\n<meta property=\"og:description\" content=\"IMAGINE VISITOR ECONOMY DESTINO 191 Initiative Overview PROJECT OVERVIEW INTENDED IMPACT LEADING PROGRAM MILESTONES PROJECT OVERVIEW Destino 191 is a project that was born within the community of Barrio Cubuy in Naguabo that aims to revitalize road 191 in the south side of El Yunque, turning the destination into its own brand: an inviting and [&hellip;]\" \/>\n<meta property=\"og:url\" content=\"https:\/\/foundationforpuertorico.org\/es\/destino-191-initiative\/\" \/>\n<meta property=\"og:site_name\" content=\"Foundation for Puerto Rico\" \/>\n<meta property=\"article:publisher\" content=\"https:\/\/www.facebook.com\/FoundationForPR\" \/>\n<meta property=\"article:modified_time\" content=\"2022-10-19T13:04:57+00:00\" \/>\n<meta property=\"og:image\" content=\"https:\/\/foundationforpuertorico.org\/wp-content\/uploads\/2022\/01\/Logo_socialLink.png\" \/>\n\t<meta property=\"og:image:width\" content=\"1080\" \/>\n\t<meta property=\"og:image:height\" content=\"1080\" \/>\n\t<meta property=\"og:image:type\" content=\"image\/png\" \/>\n<meta name=\"twitter:card\" content=\"summary_large_image\" \/>\n<meta name=\"twitter:site\" content=\"@Foundation_PR\" \/>\n<meta name=\"twitter:label1\" content=\"Est. reading time\" \/>\n\t<meta name=\"twitter:data1\" content=\"5 minutos\" \/>\n<script type=\"application\/ld+json\" class=\"yoast-schema-graph\">{\"@context\":\"https:\\\/\\\/schema.org\",\"@graph\":[{\"@type\":\"WebPage\",\"@id\":\"https:\\\/\\\/foundationforpuertorico.org\\\/destino-191-initiative\\\/\",\"url\":\"https:\\\/\\\/foundationforpuertorico.org\\\/destino-191-initiative\\\/\",\"name\":\"Destino 191 - Foundation for Puerto Rico\",\"isPartOf\":{\"@id\":\"https:\\\/\\\/foundationforpuertorico.org\\\/#website\"},\"datePublished\":\"2022-06-14T15:53:41+00:00\",\"dateModified\":\"2022-10-19T13:04:57+00:00\",\"breadcrumb\":{\"@id\":\"https:\\\/\\\/foundationforpuertorico.org\\\/destino-191-initiative\\\/#breadcrumb\"},\"inLanguage\":\"es\",\"potentialAction\":[{\"@type\":\"ReadAction\",\"target\":[\"https:\\\/\\\/foundationforpuertorico.org\\\/destino-191-initiative\\\/\"]}]},{\"@type\":\"BreadcrumbList\",\"@id\":\"https:\\\/\\\/foundationforpuertorico.org\\\/destino-191-initiative\\\/#breadcrumb\",\"itemListElement\":[{\"@type\":\"ListItem\",\"position\":1,\"name\":\"Home\",\"item\":\"https:\\\/\\\/foundationforpuertorico.org\\\/en\\\/\"},{\"@type\":\"ListItem\",\"position\":2,\"name\":\"Destino 191\"}]},{\"@type\":\"WebSite\",\"@id\":\"https:\\\/\\\/foundationforpuertorico.org\\\/#website\",\"url\":\"https:\\\/\\\/foundationforpuertorico.org\\\/\",\"name\":\"Foundation for Puerto Rico\",\"description\":\"Transforming our economy to be thriving and sustainable\",\"publisher\":{\"@id\":\"https:\\\/\\\/foundationforpuertorico.org\\\/#organization\"},\"potentialAction\":[{\"@type\":\"SearchAction\",\"target\":{\"@type\":\"EntryPoint\",\"urlTemplate\":\"https:\\\/\\\/foundationforpuertorico.org\\\/?s={search_term_string}\"},\"query-input\":{\"@type\":\"PropertyValueSpecification\",\"valueRequired\":true,\"valueName\":\"search_term_string\"}}],\"inLanguage\":\"es\"},{\"@type\":\"Organization\",\"@id\":\"https:\\\/\\\/foundationforpuertorico.org\\\/#organization\",\"name\":\"Foundation for Puerto Rico\",\"url\":\"https:\\\/\\\/foundationforpuertorico.org\\\/\",\"logo\":{\"@type\":\"ImageObject\",\"inLanguage\":\"es\",\"@id\":\"https:\\\/\\\/foundationforpuertorico.org\\\/#\\\/schema\\\/logo\\\/image\\\/\",\"url\":\"https:\\\/\\\/foundationforpuertorico.org\\\/wp-content\\\/uploads\\\/2022\\\/01\\\/Logo_socialLink.png\",\"contentUrl\":\"https:\\\/\\\/foundationforpuertorico.org\\\/wp-content\\\/uploads\\\/2022\\\/01\\\/Logo_socialLink.png\",\"width\":1080,\"height\":1080,\"caption\":\"Foundation for Puerto Rico\"},\"image\":{\"@id\":\"https:\\\/\\\/foundationforpuertorico.org\\\/#\\\/schema\\\/logo\\\/image\\\/\"},\"sameAs\":[\"https:\\\/\\\/www.facebook.com\\\/FoundationForPR\",\"https:\\\/\\\/x.com\\\/Foundation_PR\",\"https:\\\/\\\/www.instagram.com\\\/foundationforpr\\\/\",\"https:\\\/\\\/www.linkedin.com\\\/company\\\/foundationforpr\\\/\"]}]}<\/script>\n<!-- \/ Yoast SEO Premium plugin. -->","yoast_head_json":{"title":"Destino 191 - Foundation for Puerto Rico","robots":{"index":"index","follow":"follow","max-snippet":"max-snippet:-1","max-image-preview":"max-image-preview:large","max-video-preview":"max-video-preview:-1"},"canonical":"https:\/\/foundationforpuertorico.org\/es\/destino-191-initiative\/","og_locale":"es_ES","og_type":"article","og_title":"Destino 191","og_description":"IMAGINE VISITOR ECONOMY DESTINO 191 Initiative Overview PROJECT OVERVIEW INTENDED IMPACT LEADING PROGRAM MILESTONES PROJECT OVERVIEW Destino 191 is a project that was born within the community of Barrio Cubuy in Naguabo that aims to revitalize road 191 in the south side of El Yunque, turning the destination into its own brand: an inviting and [&hellip;]","og_url":"https:\/\/foundationforpuertorico.org\/es\/destino-191-initiative\/","og_site_name":"Foundation for Puerto Rico","article_publisher":"https:\/\/www.facebook.com\/FoundationForPR","article_modified_time":"2022-10-19T13:04:57+00:00","og_image":[{"width":1080,"height":1080,"url":"https:\/\/foundationforpuertorico.org\/wp-content\/uploads\/2022\/01\/Logo_socialLink.png","type":"image\/png"}],"twitter_card":"summary_large_image","twitter_site":"@Foundation_PR","twitter_misc":{"Est. reading time":"5 minutos"},"schema":{"@context":"https:\/\/schema.org","@graph":[{"@type":"WebPage","@id":"https:\/\/foundationforpuertorico.org\/destino-191-initiative\/","url":"https:\/\/foundationforpuertorico.org\/destino-191-initiative\/","name":"Destino 191 - Foundation for Puerto Rico","isPartOf":{"@id":"https:\/\/foundationforpuertorico.org\/#website"},"datePublished":"2022-06-14T15:53:41+00:00","dateModified":"2022-10-19T13:04:57+00:00","breadcrumb":{"@id":"https:\/\/foundationforpuertorico.org\/destino-191-initiative\/#breadcrumb"},"inLanguage":"es","potentialAction":[{"@type":"ReadAction","target":["https:\/\/foundationforpuertorico.org\/destino-191-initiative\/"]}]},{"@type":"BreadcrumbList","@id":"https:\/\/foundationforpuertorico.org\/destino-191-initiative\/#breadcrumb","itemListElement":[{"@type":"ListItem","position":1,"name":"Home","item":"https:\/\/foundationforpuertorico.org\/en\/"},{"@type":"ListItem","position":2,"name":"Destino 191"}]},{"@type":"WebSite","@id":"https:\/\/foundationforpuertorico.org\/#website","url":"https:\/\/foundationforpuertorico.org\/","name":"Foundation for Puerto Rico","description":"Transforming our economy to be thriving and sustainable","publisher":{"@id":"https:\/\/foundationforpuertorico.org\/#organization"},"potentialAction":[{"@type":"SearchAction","target":{"@type":"EntryPoint","urlTemplate":"https:\/\/foundationforpuertorico.org\/?s={search_term_string}"},"query-input":{"@type":"PropertyValueSpecification","valueRequired":true,"valueName":"search_term_string"}}],"inLanguage":"es"},{"@type":"Organization","@id":"https:\/\/foundationforpuertorico.org\/#organization","name":"Foundation for Puerto Rico","url":"https:\/\/foundationforpuertorico.org\/","logo":{"@type":"ImageObject","inLanguage":"es","@id":"https:\/\/foundationforpuertorico.org\/#\/schema\/logo\/image\/","url":"https:\/\/foundationforpuertorico.org\/wp-content\/uploads\/2022\/01\/Logo_socialLink.png","contentUrl":"https:\/\/foundationforpuertorico.org\/wp-content\/uploads\/2022\/01\/Logo_socialLink.png","width":1080,"height":1080,"caption":"Foundation for Puerto Rico"},"image":{"@id":"https:\/\/foundationforpuertorico.org\/#\/schema\/logo\/image\/"},"sameAs":["https:\/\/www.facebook.com\/FoundationForPR","https:\/\/x.com\/Foundation_PR","https:\/\/www.instagram.com\/foundationforpr\/","https:\/\/www.linkedin.com\/company\/foundationforpr\/"]}]}},"campaignId":"","_links":{"self":[{"href":"https:\/\/foundationforpuertorico.org\/es\/wp-json\/wp\/v2\/pages\/18526","targetHints":{"allow":["GET"]}}],"collection":[{"href":"https:\/\/foundationforpuertorico.org\/es\/wp-json\/wp\/v2\/pages"}],"about":[{"href":"https:\/\/foundationforpuertorico.org\/es\/wp-json\/wp\/v2\/types\/page"}],"author":[{"embeddable":true,"href":"https:\/\/foundationforpuertorico.org\/es\/wp-json\/wp\/v2\/users\/15"}],"replies":[{"embeddable":true,"href":"https:\/\/foundationforpuertorico.org\/es\/wp-json\/wp\/v2\/comments?post=18526"}],"version-history":[{"count":0,"href":"https:\/\/foundationforpuertorico.org\/es\/wp-json\/wp\/v2\/pages\/18526\/revisions"}],"wp:attachment":[{"href":"https:\/\/foundationforpuertorico.org\/es\/wp-json\/wp\/v2\/media?parent=18526"}],"curies":[{"name":"wp","href":"https:\/\/api.w.org\/{rel}","templated":true}]}}