{"id":1215,"date":"2020-11-13T02:56:39","date_gmt":"2020-11-13T02:56:39","guid":{"rendered":"https:\/\/fpr.kalebcamacho.com\/?page_id=1215"},"modified":"2024-10-02T17:10:52","modified_gmt":"2024-10-02T21:10:52","slug":"annual-report","status":"publish","type":"page","link":"https:\/\/foundationforpuertorico.org\/es\/annual-report\/","title":{"rendered":"Reportes Anuales"},"content":{"rendered":"\t\t<div data-elementor-type=\"wp-page\" data-elementor-id=\"1215\" class=\"elementor elementor-1215\" data-elementor-post-type=\"page\">\n\t\t\t\t\t\t<section class=\"elementor-section elementor-top-section elementor-element elementor-element-60138b02 elementor-section-boxed elementor-section-height-default elementor-section-height-default\" data-id=\"60138b02\" data-element_type=\"section\" data-e-type=\"section\" data-settings=\"{&quot;jet_parallax_layout_list&quot;:[{&quot;jet_parallax_layout_image&quot;:{&quot;url&quot;:&quot;&quot;,&quot;id&quot;:&quot;&quot;,&quot;size&quot;:&quot;&quot;},&quot;_id&quot;:&quot;aee89c7&quot;,&quot;jet_parallax_layout_image_tablet&quot;:{&quot;url&quot;:&quot;&quot;,&quot;id&quot;:&quot;&quot;,&quot;size&quot;:&quot;&quot;},&quot;jet_parallax_layout_image_mobile&quot;:{&quot;url&quot;:&quot;&quot;,&quot;id&quot;:&quot;&quot;,&quot;size&quot;:&quot;&quot;},&quot;jet_parallax_layout_speed&quot;:{&quot;unit&quot;:&quot;%&quot;,&quot;size&quot;:50,&quot;sizes&quot;:[]},&quot;jet_parallax_layout_type&quot;:&quot;scroll&quot;,&quot;jet_parallax_layout_direction&quot;:&quot;1&quot;,&quot;jet_parallax_layout_fx_direction&quot;:null,&quot;jet_parallax_layout_z_index&quot;:&quot;&quot;,&quot;jet_parallax_layout_bg_x&quot;:50,&quot;jet_parallax_layout_bg_x_tablet&quot;:&quot;&quot;,&quot;jet_parallax_layout_bg_x_mobile&quot;:&quot;&quot;,&quot;jet_parallax_layout_bg_y&quot;:50,&quot;jet_parallax_layout_bg_y_tablet&quot;:&quot;&quot;,&quot;jet_parallax_layout_bg_y_mobile&quot;:&quot;&quot;,&quot;jet_parallax_layout_bg_size&quot;:&quot;auto&quot;,&quot;jet_parallax_layout_bg_size_tablet&quot;:&quot;&quot;,&quot;jet_parallax_layout_bg_size_mobile&quot;:&quot;&quot;,&quot;jet_parallax_layout_animation_prop&quot;:&quot;transform&quot;,&quot;jet_parallax_layout_on&quot;:[&quot;desktop&quot;,&quot;tablet&quot;]}]}\">\n\t\t\t\t\t\t<div class=\"elementor-container elementor-column-gap-default\">\n\t\t\t\t\t<div class=\"elementor-column elementor-col-100 elementor-top-column elementor-element elementor-element-3f716ba8\" data-id=\"3f716ba8\" data-element_type=\"column\" data-e-type=\"column\">\n\t\t\t<div class=\"elementor-widget-wrap elementor-element-populated\">\n\t\t\t\t\t\t<div class=\"elementor-element elementor-element-613dc393 elementor-widget elementor-widget-spacer\" data-id=\"613dc393\" data-element_type=\"widget\" data-e-type=\"widget\" data-widget_type=\"spacer.default\">\n\t\t\t\t\t\t\t<div class=\"elementor-spacer\">\n\t\t\t<div class=\"elementor-spacer-inner\"><\/div>\n\t\t<\/div>\n\t\t\t\t\t\t<\/div>\n\t\t\t\t<div class=\"elementor-element elementor-element-7ba181b5 elementor-widget elementor-widget-theme-post-title elementor-page-title elementor-widget-heading\" data-id=\"7ba181b5\" data-element_type=\"widget\" data-e-type=\"widget\" data-widget_type=\"theme-post-title.default\">\n\t\t\t\t\t<h1 class=\"elementor-heading-title elementor-size-default\">Annual Reports<\/h1>\t\t\t\t<\/div>\n\t\t\t\t<section class=\"elementor-section elementor-inner-section elementor-element elementor-element-871d444 elementor-section-boxed elementor-section-height-default elementor-section-height-default\" data-id=\"871d444\" data-element_type=\"section\" data-e-type=\"section\" data-settings=\"{&quot;jet_parallax_layout_list&quot;:[{&quot;jet_parallax_layout_image&quot;:{&quot;url&quot;:&quot;&quot;,&quot;id&quot;:&quot;&quot;,&quot;size&quot;:&quot;&quot;},&quot;_id&quot;:&quot;88ae6e8&quot;,&quot;jet_parallax_layout_image_tablet&quot;:{&quot;url&quot;:&quot;&quot;,&quot;id&quot;:&quot;&quot;,&quot;size&quot;:&quot;&quot;},&quot;jet_parallax_layout_image_mobile&quot;:{&quot;url&quot;:&quot;&quot;,&quot;id&quot;:&quot;&quot;,&quot;size&quot;:&quot;&quot;},&quot;jet_parallax_layout_speed&quot;:{&quot;unit&quot;:&quot;%&quot;,&quot;size&quot;:50,&quot;sizes&quot;:[]},&quot;jet_parallax_layout_type&quot;:&quot;scroll&quot;,&quot;jet_parallax_layout_direction&quot;:&quot;1&quot;,&quot;jet_parallax_layout_fx_direction&quot;:null,&quot;jet_parallax_layout_z_index&quot;:&quot;&quot;,&quot;jet_parallax_layout_bg_x&quot;:50,&quot;jet_parallax_layout_bg_x_tablet&quot;:&quot;&quot;,&quot;jet_parallax_layout_bg_x_mobile&quot;:&quot;&quot;,&quot;jet_parallax_layout_bg_y&quot;:50,&quot;jet_parallax_layout_bg_y_tablet&quot;:&quot;&quot;,&quot;jet_parallax_layout_bg_y_mobile&quot;:&quot;&quot;,&quot;jet_parallax_layout_bg_size&quot;:&quot;auto&quot;,&quot;jet_parallax_layout_bg_size_tablet&quot;:&quot;&quot;,&quot;jet_parallax_layout_bg_size_mobile&quot;:&quot;&quot;,&quot;jet_parallax_layout_animation_prop&quot;:&quot;transform&quot;,&quot;jet_parallax_layout_on&quot;:[&quot;desktop&quot;,&quot;tablet&quot;]}]}\">\n\t\t\t\t\t\t<div class=\"elementor-container elementor-column-gap-default\">\n\t\t\t\t\t<div class=\"elementor-column elementor-col-33 elementor-inner-column elementor-element elementor-element-0d5caa3\" data-id=\"0d5caa3\" data-element_type=\"column\" data-e-type=\"column\">\n\t\t\t<div class=\"elementor-widget-wrap elementor-element-populated\">\n\t\t\t\t\t\t<div class=\"elementor-element elementor-element-98c6602 elementor-widget elementor-widget-image\" data-id=\"98c6602\" data-element_type=\"widget\" data-e-type=\"widget\" data-widget_type=\"image.default\">\n\t\t\t\t\t\t\t\t\t\t\t\t\t\t\t\t<a href=\"https:\/\/a43.a93.myftpupload.com\/wp-content\/uploads\/2023\/01\/AnnualReport2019.pdf\" target=\"_blank\">\n\t\t\t\t\t\t\t<img fetchpriority=\"high\" decoding=\"async\" width=\"791\" height=\"1024\" src=\"https:\/\/foundationforpuertorico.org\/wp-content\/uploads\/2020\/11\/FPR-Annual-Report-2019_FINAL-TWO-PAGE-1-1-791x1024.png\" class=\"attachment-large size-large wp-image-1219\" alt=\"\" srcset=\"https:\/\/foundationforpuertorico.org\/wp-content\/uploads\/2020\/11\/FPR-Annual-Report-2019_FINAL-TWO-PAGE-1-1-791x1024.png 791w, https:\/\/foundationforpuertorico.org\/wp-content\/uploads\/2020\/11\/FPR-Annual-Report-2019_FINAL-TWO-PAGE-1-1-232x300.png 232w, https:\/\/foundationforpuertorico.org\/wp-content\/uploads\/2020\/11\/FPR-Annual-Report-2019_FINAL-TWO-PAGE-1-1-768x994.png 768w, https:\/\/foundationforpuertorico.org\/wp-content\/uploads\/2020\/11\/FPR-Annual-Report-2019_FINAL-TWO-PAGE-1-1-9x12.png 9w, https:\/\/foundationforpuertorico.org\/wp-content\/uploads\/2020\/11\/FPR-Annual-Report-2019_FINAL-TWO-PAGE-1-1.png 1000w\" sizes=\"(max-width: 791px) 100vw, 791px\" \/>\t\t\t\t\t\t\t\t<\/a>\n\t\t\t\t\t\t\t\t\t\t\t\t\t\t\t<\/div>\n\t\t\t\t\t<\/div>\n\t\t<\/div>\n\t\t\t\t<div class=\"elementor-column elementor-col-33 elementor-inner-column elementor-element elementor-element-3775884\" data-id=\"3775884\" data-element_type=\"column\" data-e-type=\"column\">\n\t\t\t<div class=\"elementor-widget-wrap elementor-element-populated\">\n\t\t\t\t\t\t<div class=\"elementor-element elementor-element-88a61a4 elementor-widget elementor-widget-image\" data-id=\"88a61a4\" data-element_type=\"widget\" data-e-type=\"widget\" data-widget_type=\"image.default\">\n\t\t\t\t\t\t\t\t\t\t\t\t\t\t\t\t<a href=\"https:\/\/a43.a93.myftpupload.com\/wp-content\/uploads\/2023\/01\/AnnualReport2021-23.pdf\" target=\"_blank\">\n\t\t\t\t\t\t\t<img decoding=\"async\" width=\"796\" height=\"1024\" src=\"https:\/\/foundationforpuertorico.org\/wp-content\/uploads\/2023\/01\/annual_report_202021-796x1024.jpg\" class=\"attachment-large size-large wp-image-26796\" alt=\"\" srcset=\"https:\/\/foundationforpuertorico.org\/wp-content\/uploads\/2023\/01\/annual_report_202021-796x1024.jpg 796w, https:\/\/foundationforpuertorico.org\/wp-content\/uploads\/2023\/01\/annual_report_202021-233x300.jpg 233w, https:\/\/foundationforpuertorico.org\/wp-content\/uploads\/2023\/01\/annual_report_202021-768x988.jpg 768w, https:\/\/foundationforpuertorico.org\/wp-content\/uploads\/2023\/01\/annual_report_202021-9x12.jpg 9w, https:\/\/foundationforpuertorico.org\/wp-content\/uploads\/2023\/01\/annual_report_202021.jpg 994w\" sizes=\"(max-width: 796px) 100vw, 796px\" \/>\t\t\t\t\t\t\t\t<\/a>\n\t\t\t\t\t\t\t\t\t\t\t\t\t\t\t<\/div>\n\t\t\t\t\t<\/div>\n\t\t<\/div>\n\t\t\t\t<div class=\"elementor-column elementor-col-33 elementor-inner-column elementor-element elementor-element-a24dd6e\" data-id=\"a24dd6e\" data-element_type=\"column\" data-e-type=\"column\">\n\t\t\t<div class=\"elementor-widget-wrap elementor-element-populated\">\n\t\t\t\t\t\t<div class=\"elementor-element elementor-element-9386215 elementor-widget elementor-widget-image\" data-id=\"9386215\" data-element_type=\"widget\" data-e-type=\"widget\" data-widget_type=\"image.default\">\n\t\t\t\t\t\t\t\t\t\t\t\t\t\t\t\t<a href=\"https:\/\/foundationforpuertorico.org\/wp-content\/uploads\/2024\/10\/FPR-annual-report-2022-Sep13.pdf\" target=\"_blank\">\n\t\t\t\t\t\t\t<img decoding=\"async\" width=\"600\" height=\"772\" src=\"https:\/\/foundationforpuertorico.org\/wp-content\/uploads\/2024\/10\/report-2022-thmb-1.jpg\" class=\"attachment-large size-large wp-image-42835\" alt=\"\" srcset=\"https:\/\/foundationforpuertorico.org\/wp-content\/uploads\/2024\/10\/report-2022-thmb-1.jpg 600w, https:\/\/foundationforpuertorico.org\/wp-content\/uploads\/2024\/10\/report-2022-thmb-1-233x300.jpg 233w, https:\/\/foundationforpuertorico.org\/wp-content\/uploads\/2024\/10\/report-2022-thmb-1-9x12.jpg 9w\" sizes=\"(max-width: 600px) 100vw, 600px\" \/>\t\t\t\t\t\t\t\t<\/a>\n\t\t\t\t\t\t\t\t\t\t\t\t\t\t\t<\/div>\n\t\t\t\t\t<\/div>\n\t\t<\/div>\n\t\t\t\t\t<\/div>\n\t\t<\/section>\n\t\t\t\t<section class=\"elementor-section elementor-inner-section elementor-element elementor-element-8dead16 elementor-section-boxed elementor-section-height-default elementor-section-height-default\" data-id=\"8dead16\" data-element_type=\"section\" data-e-type=\"section\" data-settings=\"{&quot;jet_parallax_layout_list&quot;:[{&quot;jet_parallax_layout_image&quot;:{&quot;url&quot;:&quot;&quot;,&quot;id&quot;:&quot;&quot;,&quot;size&quot;:&quot;&quot;},&quot;_id&quot;:&quot;88ae6e8&quot;,&quot;jet_parallax_layout_image_tablet&quot;:{&quot;url&quot;:&quot;&quot;,&quot;id&quot;:&quot;&quot;,&quot;size&quot;:&quot;&quot;},&quot;jet_parallax_layout_image_mobile&quot;:{&quot;url&quot;:&quot;&quot;,&quot;id&quot;:&quot;&quot;,&quot;size&quot;:&quot;&quot;},&quot;jet_parallax_layout_speed&quot;:{&quot;unit&quot;:&quot;%&quot;,&quot;size&quot;:50,&quot;sizes&quot;:[]},&quot;jet_parallax_layout_type&quot;:&quot;scroll&quot;,&quot;jet_parallax_layout_direction&quot;:&quot;1&quot;,&quot;jet_parallax_layout_fx_direction&quot;:null,&quot;jet_parallax_layout_z_index&quot;:&quot;&quot;,&quot;jet_parallax_layout_bg_x&quot;:50,&quot;jet_parallax_layout_bg_x_tablet&quot;:&quot;&quot;,&quot;jet_parallax_layout_bg_x_mobile&quot;:&quot;&quot;,&quot;jet_parallax_layout_bg_y&quot;:50,&quot;jet_parallax_layout_bg_y_tablet&quot;:&quot;&quot;,&quot;jet_parallax_layout_bg_y_mobile&quot;:&quot;&quot;,&quot;jet_parallax_layout_bg_size&quot;:&quot;auto&quot;,&quot;jet_parallax_layout_bg_size_tablet&quot;:&quot;&quot;,&quot;jet_parallax_layout_bg_size_mobile&quot;:&quot;&quot;,&quot;jet_parallax_layout_animation_prop&quot;:&quot;transform&quot;,&quot;jet_parallax_layout_on&quot;:[&quot;desktop&quot;,&quot;tablet&quot;]}]}\" data-no-translation=\"\">\n\t\t\t\t\t\t<div class=\"elementor-container elementor-column-gap-default\">\n\t\t\t\t\t<div class=\"elementor-column elementor-col-100 elementor-inner-column elementor-element elementor-element-705da0f\" data-id=\"705da0f\" data-element_type=\"column\" data-e-type=\"column\">\n\t\t\t<div class=\"elementor-widget-wrap elementor-element-populated\">\n\t\t\t\t\t\t<div class=\"elementor-element elementor-element-920660d elementor-widget elementor-widget-text-editor\" data-id=\"920660d\" data-element_type=\"widget\" data-e-type=\"widget\" data-widget_type=\"text-editor.default\">\n\t\t\t\t\t\t\t\t\t<p>Esperamos que nuestros informes financieros anuales le sean de utilidad. Los mismos destacan nuestra historia, estrategia, logros, y a su vez, establecen un plan de acci\u00f3n para continuar impactando positivamente el desarrollo socioecon\u00f3mico de Puerto Rico y sus comunidades. En Foundation for Puerto Rico (FPR), buscamos desatar el potencial de nuestra isla en la econom\u00eda mundial, para que m\u00e1s personas puedan vivir, visitar, trabajar e invertir en nuestro hermoso archipi\u00e9lago.<\/p><p>Nuestros programas de desarrollo econ\u00f3mico y resiliencia trabajan mano a mano con nuestras comunidades y sus l\u00edderes, proporcionando recursos, capacitaci\u00f3n, financiamiento y relaciones que promueven y mejoran la econom\u00eda local. Pasamos del conocimiento a la acci\u00f3n, combinando un pensamiento innovador basado en datos con un fuerte trabajo de campo en diversas regiones del archipi\u00e9lago. Nuestras oficinas centrales est\u00e1n ubicadas en El Colaboratorio, una instalaci\u00f3n de 800 metros cuadrados en el coraz\u00f3n de Santurce, equipadas para fomentar la colaboraci\u00f3n, compartir nuevas ideas y crear sinergias entre otras ONGs que comparten nuestro objetivo de transformar a Puerto Rico. Te invitamos a conocer m\u00e1s sobre nuestras iniciativas, trabajo, resultados y equipo de profesionales a trav\u00e9s de nuestros reportes anuales.<\/p>\t\t\t\t\t\t\t\t<\/div>\n\t\t\t\t<div class=\"elementor-element elementor-element-8b50ded elementor-button-warning elementor-align-center elementor-hidden-desktop elementor-hidden-tablet elementor-hidden-mobile elementor-widget elementor-widget-button\" data-id=\"8b50ded\" data-element_type=\"widget\" data-e-type=\"widget\" data-widget_type=\"button.default\">\n\t\t\t\t\t\t\t\t\t\t<a class=\"elementor-button elementor-button-link elementor-size-sm\" href=\"https:\/\/a43.a93.myftpupload.com\/wp-content\/uploads\/2021\/08\/AnnualReport2019_TransformingPuertoRicoIntoADestinationForTheWorld_FoundationForPuertoRico.pdf\" target=\"_blank\">\n\t\t\t\t\t\t<span class=\"elementor-button-content-wrapper\">\n\t\t\t\t\t\t<span class=\"elementor-button-icon\">\n\t\t\t\t<svg aria-hidden=\"true\" class=\"e-font-icon-svg e-far-file-pdf\" viewBox=\"0 0 384 512\" xmlns=\"http:\/\/www.w3.org\/2000\/svg\"><path d=\"M369.9 97.9L286 14C277 5 264.8-.1 252.1-.1H48C21.5 0 0 21.5 0 48v416c0 26.5 21.5 48 48 48h288c26.5 0 48-21.5 48-48V131.9c0-12.7-5.1-25-14.1-34zM332.1 128H256V51.9l76.1 76.1zM48 464V48h160v104c0 13.3 10.7 24 24 24h104v288H48zm250.2-143.7c-12.2-12-47-8.7-64.4-6.5-17.2-10.5-28.7-25-36.8-46.3 3.9-16.1 10.1-40.6 5.4-56-4.2-26.2-37.8-23.6-42.6-5.9-4.4 16.1-.4 38.5 7 67.1-10 23.9-24.9 56-35.4 74.4-20 10.3-47 26.2-51 46.2-3.3 15.8 26 55.2 76.1-31.2 22.4-7.4 46.8-16.5 68.4-20.1 18.9 10.2 41 17 55.8 17 25.5 0 28-28.2 17.5-38.7zm-198.1 77.8c5.1-13.7 24.5-29.5 30.4-35-19 30.3-30.4 35.7-30.4 35zm81.6-190.6c7.4 0 6.7 32.1 1.8 40.8-4.4-13.9-4.3-40.8-1.8-40.8zm-24.4 136.6c9.7-16.9 18-37 24.7-54.7 8.3 15.1 18.9 27.2 30.1 35.5-20.8 4.3-38.9 13.1-54.8 19.2zm131.6-5s-5 6-37.3-7.8c35.1-2.6 40.9 5.4 37.3 7.8z\"><\/path><\/svg>\t\t\t<\/span>\n\t\t\t\t\t\t\t\t\t<span class=\"elementor-button-text\">Read the full report<\/span>\n\t\t\t\t\t<\/span>\n\t\t\t\t\t<\/a>\n\t\t\t\t\t\t\t\t<\/div>\n\t\t\t\t\t<\/div>\n\t\t<\/div>\n\t\t\t\t\t<\/div>\n\t\t<\/section>\n\t\t\t\t<div class=\"elementor-element elementor-element-32814422 elementor-widget elementor-widget-spacer\" data-id=\"32814422\" data-element_type=\"widget\" data-e-type=\"widget\" data-widget_type=\"spacer.default\">\n\t\t\t\t\t\t\t<div class=\"elementor-spacer\">\n\t\t\t<div class=\"elementor-spacer-inner\"><\/div>\n\t\t<\/div>\n\t\t\t\t\t\t<\/div>\n\t\t\t\t\t<\/div>\n\t\t<\/div>\n\t\t\t\t\t<\/div>\n\t\t<\/section>\n\t\t\t\t<\/div>\n\t\t","protected":false},"excerpt":{"rendered":"<p>We hope you enjoy Foundation for Puerto Rico\u2019s (FPR) annual reports, highlighting our history, strategy, key milestones, and a roadmap for future impact. In FPR, we seek to unleash Puerto Rico\u2019s potential in the global economy so more people can live, visit, work, and invest in our beautiful island. Our targeted economic development and resilience [&hellip;]<\/p>\n","protected":false},"author":15,"featured_media":0,"parent":0,"menu_order":0,"comment_status":"closed","ping_status":"closed","template":"","meta":{"give_campaign_id":0,"footnotes":""},"class_list":["post-1215","page","type-page","status-publish","hentry"],"yoast_head":"<!-- This site is optimized with the Yoast SEO Premium plugin v27.3 (Yoast SEO v27.5) - https:\/\/yoast.com\/product\/yoast-seo-premium-wordpress\/ -->\n<title>Annual Reports - Foundation for Puerto Rico<\/title>\n<meta name=\"robots\" content=\"index, follow, max-snippet:-1, max-image-preview:large, max-video-preview:-1\" \/>\n<link rel=\"canonical\" href=\"https:\/\/foundationforpuertorico.org\/es\/annual-report\/\" \/>\n<meta property=\"og:locale\" content=\"es_ES\" \/>\n<meta property=\"og:type\" content=\"article\" \/>\n<meta property=\"og:title\" content=\"Annual Reports\" \/>\n<meta property=\"og:description\" content=\"We hope you enjoy Foundation for Puerto Rico\u2019s (FPR) annual reports, highlighting our history, strategy, key milestones, and a roadmap for future impact. In FPR, we seek to unleash Puerto Rico\u2019s potential in the global economy so more people can live, visit, work, and invest in our beautiful island. Our targeted economic development and resilience [&hellip;]\" \/>\n<meta property=\"og:url\" content=\"https:\/\/foundationforpuertorico.org\/es\/annual-report\/\" \/>\n<meta property=\"og:site_name\" content=\"Foundation for Puerto Rico\" \/>\n<meta property=\"article:publisher\" content=\"https:\/\/www.facebook.com\/FoundationForPR\" \/>\n<meta property=\"article:modified_time\" content=\"2024-10-02T21:10:52+00:00\" \/>\n<meta property=\"og:image\" content=\"https:\/\/foundationforpuertorico.org\/wp-content\/uploads\/2020\/11\/FPR-Annual-Report-2019_FINAL-TWO-PAGE-1-1-791x1024.png\" \/>\n<meta name=\"twitter:card\" content=\"summary_large_image\" \/>\n<meta name=\"twitter:site\" content=\"@Foundation_PR\" \/>\n<meta name=\"twitter:label1\" content=\"Est. reading time\" \/>\n\t<meta name=\"twitter:data1\" content=\"2 minutos\" \/>\n<script type=\"application\/ld+json\" class=\"yoast-schema-graph\">{\"@context\":\"https:\\\/\\\/schema.org\",\"@graph\":[{\"@type\":\"WebPage\",\"@id\":\"https:\\\/\\\/foundationforpuertorico.org\\\/annual-report\\\/\",\"url\":\"https:\\\/\\\/foundationforpuertorico.org\\\/annual-report\\\/\",\"name\":\"Annual Reports - Foundation for Puerto Rico\",\"isPartOf\":{\"@id\":\"https:\\\/\\\/foundationforpuertorico.org\\\/#website\"},\"primaryImageOfPage\":{\"@id\":\"https:\\\/\\\/foundationforpuertorico.org\\\/annual-report\\\/#primaryimage\"},\"image\":{\"@id\":\"https:\\\/\\\/foundationforpuertorico.org\\\/annual-report\\\/#primaryimage\"},\"thumbnailUrl\":\"https:\\\/\\\/foundationforpuertorico.org\\\/wp-content\\\/uploads\\\/2020\\\/11\\\/FPR-Annual-Report-2019_FINAL-TWO-PAGE-1-1-791x1024.png\",\"datePublished\":\"2020-11-13T02:56:39+00:00\",\"dateModified\":\"2024-10-02T21:10:52+00:00\",\"breadcrumb\":{\"@id\":\"https:\\\/\\\/foundationforpuertorico.org\\\/annual-report\\\/#breadcrumb\"},\"inLanguage\":\"es\",\"potentialAction\":[{\"@type\":\"ReadAction\",\"target\":[\"https:\\\/\\\/foundationforpuertorico.org\\\/annual-report\\\/\"]}]},{\"@type\":\"ImageObject\",\"inLanguage\":\"es\",\"@id\":\"https:\\\/\\\/foundationforpuertorico.org\\\/annual-report\\\/#primaryimage\",\"url\":\"https:\\\/\\\/foundationforpuertorico.org\\\/wp-content\\\/uploads\\\/2020\\\/11\\\/FPR-Annual-Report-2019_FINAL-TWO-PAGE-1-1-791x1024.png\",\"contentUrl\":\"https:\\\/\\\/foundationforpuertorico.org\\\/wp-content\\\/uploads\\\/2020\\\/11\\\/FPR-Annual-Report-2019_FINAL-TWO-PAGE-1-1-791x1024.png\"},{\"@type\":\"BreadcrumbList\",\"@id\":\"https:\\\/\\\/foundationforpuertorico.org\\\/annual-report\\\/#breadcrumb\",\"itemListElement\":[{\"@type\":\"ListItem\",\"position\":1,\"name\":\"Home\",\"item\":\"https:\\\/\\\/foundationforpuertorico.org\\\/en\\\/\"},{\"@type\":\"ListItem\",\"position\":2,\"name\":\"Annual Reports\"}]},{\"@type\":\"WebSite\",\"@id\":\"https:\\\/\\\/foundationforpuertorico.org\\\/#website\",\"url\":\"https:\\\/\\\/foundationforpuertorico.org\\\/\",\"name\":\"Foundation for Puerto Rico\",\"description\":\"Transforming our economy to be thriving and sustainable\",\"publisher\":{\"@id\":\"https:\\\/\\\/foundationforpuertorico.org\\\/#organization\"},\"potentialAction\":[{\"@type\":\"SearchAction\",\"target\":{\"@type\":\"EntryPoint\",\"urlTemplate\":\"https:\\\/\\\/foundationforpuertorico.org\\\/?s={search_term_string}\"},\"query-input\":{\"@type\":\"PropertyValueSpecification\",\"valueRequired\":true,\"valueName\":\"search_term_string\"}}],\"inLanguage\":\"es\"},{\"@type\":\"Organization\",\"@id\":\"https:\\\/\\\/foundationforpuertorico.org\\\/#organization\",\"name\":\"Foundation for Puerto Rico\",\"url\":\"https:\\\/\\\/foundationforpuertorico.org\\\/\",\"logo\":{\"@type\":\"ImageObject\",\"inLanguage\":\"es\",\"@id\":\"https:\\\/\\\/foundationforpuertorico.org\\\/#\\\/schema\\\/logo\\\/image\\\/\",\"url\":\"https:\\\/\\\/foundationforpuertorico.org\\\/wp-content\\\/uploads\\\/2022\\\/01\\\/Logo_socialLink.png\",\"contentUrl\":\"https:\\\/\\\/foundationforpuertorico.org\\\/wp-content\\\/uploads\\\/2022\\\/01\\\/Logo_socialLink.png\",\"width\":1080,\"height\":1080,\"caption\":\"Foundation for Puerto Rico\"},\"image\":{\"@id\":\"https:\\\/\\\/foundationforpuertorico.org\\\/#\\\/schema\\\/logo\\\/image\\\/\"},\"sameAs\":[\"https:\\\/\\\/www.facebook.com\\\/FoundationForPR\",\"https:\\\/\\\/x.com\\\/Foundation_PR\",\"https:\\\/\\\/www.instagram.com\\\/foundationforpr\\\/\",\"https:\\\/\\\/www.linkedin.com\\\/company\\\/foundationforpr\\\/\"]}]}<\/script>\n<!-- \/ Yoast SEO Premium plugin. -->","yoast_head_json":{"title":"Annual Reports - Foundation for Puerto Rico","robots":{"index":"index","follow":"follow","max-snippet":"max-snippet:-1","max-image-preview":"max-image-preview:large","max-video-preview":"max-video-preview:-1"},"canonical":"https:\/\/foundationforpuertorico.org\/es\/annual-report\/","og_locale":"es_ES","og_type":"article","og_title":"Annual Reports","og_description":"We hope you enjoy Foundation for Puerto Rico\u2019s (FPR) annual reports, highlighting our history, strategy, key milestones, and a roadmap for future impact. In FPR, we seek to unleash Puerto Rico\u2019s potential in the global economy so more people can live, visit, work, and invest in our beautiful island. Our targeted economic development and resilience [&hellip;]","og_url":"https:\/\/foundationforpuertorico.org\/es\/annual-report\/","og_site_name":"Foundation for Puerto Rico","article_publisher":"https:\/\/www.facebook.com\/FoundationForPR","article_modified_time":"2024-10-02T21:10:52+00:00","og_image":[{"url":"https:\/\/foundationforpuertorico.org\/wp-content\/uploads\/2020\/11\/FPR-Annual-Report-2019_FINAL-TWO-PAGE-1-1-791x1024.png","type":"","width":"","height":""}],"twitter_card":"summary_large_image","twitter_site":"@Foundation_PR","twitter_misc":{"Est. reading time":"2 minutos"},"schema":{"@context":"https:\/\/schema.org","@graph":[{"@type":"WebPage","@id":"https:\/\/foundationforpuertorico.org\/annual-report\/","url":"https:\/\/foundationforpuertorico.org\/annual-report\/","name":"Annual Reports - Foundation for Puerto Rico","isPartOf":{"@id":"https:\/\/foundationforpuertorico.org\/#website"},"primaryImageOfPage":{"@id":"https:\/\/foundationforpuertorico.org\/annual-report\/#primaryimage"},"image":{"@id":"https:\/\/foundationforpuertorico.org\/annual-report\/#primaryimage"},"thumbnailUrl":"https:\/\/foundationforpuertorico.org\/wp-content\/uploads\/2020\/11\/FPR-Annual-Report-2019_FINAL-TWO-PAGE-1-1-791x1024.png","datePublished":"2020-11-13T02:56:39+00:00","dateModified":"2024-10-02T21:10:52+00:00","breadcrumb":{"@id":"https:\/\/foundationforpuertorico.org\/annual-report\/#breadcrumb"},"inLanguage":"es","potentialAction":[{"@type":"ReadAction","target":["https:\/\/foundationforpuertorico.org\/annual-report\/"]}]},{"@type":"ImageObject","inLanguage":"es","@id":"https:\/\/foundationforpuertorico.org\/annual-report\/#primaryimage","url":"https:\/\/foundationforpuertorico.org\/wp-content\/uploads\/2020\/11\/FPR-Annual-Report-2019_FINAL-TWO-PAGE-1-1-791x1024.png","contentUrl":"https:\/\/foundationforpuertorico.org\/wp-content\/uploads\/2020\/11\/FPR-Annual-Report-2019_FINAL-TWO-PAGE-1-1-791x1024.png"},{"@type":"BreadcrumbList","@id":"https:\/\/foundationforpuertorico.org\/annual-report\/#breadcrumb","itemListElement":[{"@type":"ListItem","position":1,"name":"Home","item":"https:\/\/foundationforpuertorico.org\/en\/"},{"@type":"ListItem","position":2,"name":"Annual Reports"}]},{"@type":"WebSite","@id":"https:\/\/foundationforpuertorico.org\/#website","url":"https:\/\/foundationforpuertorico.org\/","name":"Foundation for Puerto Rico","description":"Transforming our economy to be thriving and sustainable","publisher":{"@id":"https:\/\/foundationforpuertorico.org\/#organization"},"potentialAction":[{"@type":"SearchAction","target":{"@type":"EntryPoint","urlTemplate":"https:\/\/foundationforpuertorico.org\/?s={search_term_string}"},"query-input":{"@type":"PropertyValueSpecification","valueRequired":true,"valueName":"search_term_string"}}],"inLanguage":"es"},{"@type":"Organization","@id":"https:\/\/foundationforpuertorico.org\/#organization","name":"Foundation for Puerto Rico","url":"https:\/\/foundationforpuertorico.org\/","logo":{"@type":"ImageObject","inLanguage":"es","@id":"https:\/\/foundationforpuertorico.org\/#\/schema\/logo\/image\/","url":"https:\/\/foundationforpuertorico.org\/wp-content\/uploads\/2022\/01\/Logo_socialLink.png","contentUrl":"https:\/\/foundationforpuertorico.org\/wp-content\/uploads\/2022\/01\/Logo_socialLink.png","width":1080,"height":1080,"caption":"Foundation for Puerto Rico"},"image":{"@id":"https:\/\/foundationforpuertorico.org\/#\/schema\/logo\/image\/"},"sameAs":["https:\/\/www.facebook.com\/FoundationForPR","https:\/\/x.com\/Foundation_PR","https:\/\/www.instagram.com\/foundationforpr\/","https:\/\/www.linkedin.com\/company\/foundationforpr\/"]}]}},"campaignId":"","_links":{"self":[{"href":"https:\/\/foundationforpuertorico.org\/es\/wp-json\/wp\/v2\/pages\/1215","targetHints":{"allow":["GET"]}}],"collection":[{"href":"https:\/\/foundationforpuertorico.org\/es\/wp-json\/wp\/v2\/pages"}],"about":[{"href":"https:\/\/foundationforpuertorico.org\/es\/wp-json\/wp\/v2\/types\/page"}],"author":[{"embeddable":true,"href":"https:\/\/foundationforpuertorico.org\/es\/wp-json\/wp\/v2\/users\/15"}],"replies":[{"embeddable":true,"href":"https:\/\/foundationforpuertorico.org\/es\/wp-json\/wp\/v2\/comments?post=1215"}],"version-history":[{"count":6,"href":"https:\/\/foundationforpuertorico.org\/es\/wp-json\/wp\/v2\/pages\/1215\/revisions"}],"predecessor-version":[{"id":42838,"href":"https:\/\/foundationforpuertorico.org\/es\/wp-json\/wp\/v2\/pages\/1215\/revisions\/42838"}],"wp:attachment":[{"href":"https:\/\/foundationforpuertorico.org\/es\/wp-json\/wp\/v2\/media?parent=1215"}],"curies":[{"name":"wp","href":"https:\/\/api.w.org\/{rel}","templated":true}]}}